{"id":5611,"date":"2025-01-15T19:55:28","date_gmt":"2025-01-15T19:55:28","guid":{"rendered":"https:\/\/www.braderiemaaskantje.nl\/?page_id=5611"},"modified":"2026-01-19T21:56:19","modified_gmt":"2026-01-19T21:56:19","slug":"start-kerst","status":"publish","type":"page","link":"https:\/\/braderiemaaskantje.nl\/wp3\/start-kerst\/","title":{"rendered":"Home &#8211; Kerst"},"content":{"rendered":"<div class=\"wpb-content-wrapper\"><p>[vc_row css=&#8221;.vc_custom_1768854871831{border-radius: 35px !important;}&#8221;][vc_column css_animation=&#8221;fadeInDownBig&#8221; el_class=&#8221;has-card&#8221;][vc_custom_heading text=&#8221;Nog&#8221; font_container=&#8221;tag:h2|text_align:center&#8221; google_fonts=&#8221;font_family:Actor%3Aregular|font_style:400%20regular%3A400%3Anormal&#8221;][vc_column_text]<div class=\"ycd-all-content-wrapper ycd-countdown-content-wrapper-5951\"><div class=\"ycd-countdown-wrapper\"><div class=\"ycd-circle-expiration-before-countdown\" style=\"display:none\"><\/div><div class=\"ycd-circle-before-countdown\"><\/div>\t\t<div class=\"ycd-circle-5951-wrapper ycd-circle-wrapper ycd-countdown-content-wrapper\">\n\t\t\t<div\n\t\t\t\tid=\"ycd-circle-5951\"\n\t\t\t\tdata-id=\"5951\"\n\t\t\t\tclass=\"ycd-time-circle\"\n\t\t\t\tdata-options='{&quot;id&quot;:5951,&quot;ycd-seconds&quot;:4993265,&quot;ycd-countdown-date-type&quot;:&quot;dueDate&quot;,&quot;ycd-countdown-duration-days&quot;:&quot;0&quot;,&quot;ycd-countdown-duration-hours&quot;:&quot;0&quot;,&quot;ycd-countdown-duration-minutes&quot;:&quot;0&quot;,&quot;ycd-countdown-duration-seconds&quot;:&quot;30&quot;,&quot;ycd-countdown-save-duration&quot;:&quot;&quot;,&quot;ycd-countdown-save-duration-each-user&quot;:&quot;&quot;,&quot;ycd-date-time-picker&quot;:&quot;2026-06-14 10:00&quot;,&quot;ycd-time-zone&quot;:&quot;Europe\\\/Amsterdam&quot;,&quot;ycd-countdown-restart&quot;:&quot;&quot;,&quot;ycd-countdown-restart-hour&quot;:&quot;1&quot;,&quot;ycd-countdown-expire-behavior&quot;:&quot;hideCountdown&quot;,&quot;ycd-count-up-from-end-date&quot;:&quot;&quot;,&quot;ycd-countdown-enable-woo-condition&quot;:&quot;checked&quot;,&quot;ycd-woo-condition&quot;:&quot;disabled&quot;,&quot;ycd-scroll-to-countdown&quot;:&quot;&quot;,&quot;isExpired&quot;:false,&quot;animation&quot;:&quot;smooth&quot;,&quot;direction&quot;:&quot;Clockwise&quot;,&quot;fg_width&quot;:&quot;0.1&quot;,&quot;bg_width&quot;:&quot;1.2&quot;,&quot;start_angle&quot;:&quot;0&quot;,&quot;count_past_zero&quot;:false,&quot;hideTextInsideCircle&quot;:true,&quot;circle_bg_color&quot;:&quot;#60686F&quot;,&quot;use_background&quot;:&quot;checked&quot;,&quot;ycd-schedule-time-zone&quot;:&quot;&quot;,&quot;startDay&quot;:null,&quot;startDayNumber&quot;:null,&quot;endDay&quot;:null,&quot;endDayNumber&quot;:null,&quot;currentDayNumber&quot;:null,&quot;ycd-schedule-end-to&quot;:&quot;&quot;,&quot;ycd-schedule-start-from&quot;:&quot;&quot;,&quot;ycd-countdown-showing-limitation&quot;:&quot;&quot;,&quot;ycd-countdown-expiration-time&quot;:&quot;1&quot;,&quot;ycd-countdown-switch-number&quot;:&quot;&quot;,&quot;ycd-countdown-last-seconds&quot;:&quot;&quot;,&quot;ycd-countdown-last-seconds-duration&quot;:&quot;10&quot;,&quot;ycd-countdown-last-seconds-color&quot;:&quot;rgba(250, 0, 0, 1)&quot;,&quot;time&quot;:{&quot;Years&quot;:{&quot;text&quot;:&quot;Years&quot;,&quot;color&quot;:&quot;#A52A2A&quot;,&quot;show&quot;:&quot;&quot;},&quot;Months&quot;:{&quot;text&quot;:&quot;Months&quot;,&quot;color&quot;:&quot;#8A2BE2&quot;,&quot;show&quot;:&quot;&quot;},&quot;Days&quot;:{&quot;text&quot;:&quot;DAYS&quot;,&quot;color&quot;:&quot;#FFCC66&quot;,&quot;show&quot;:&quot;checked&quot;},&quot;Hours&quot;:{&quot;text&quot;:&quot;HOURS&quot;,&quot;color&quot;:&quot;#99CCFF&quot;,&quot;show&quot;:&quot;checked&quot;},&quot;Minutes&quot;:{&quot;text&quot;:&quot;MINUTES&quot;,&quot;color&quot;:&quot;#BBFFBB&quot;,&quot;show&quot;:&quot;checked&quot;},&quot;Seconds&quot;:{&quot;text&quot;:&quot;SECONDS&quot;,&quot;color&quot;:&quot;#FF9999&quot;,&quot;show&quot;:&quot;checked&quot;}}}'\n\t\t\t\tdata-all-options='{&quot;ycd-countdown-floating-position&quot;:&quot;top_left&quot;,&quot;ycd-countdown-floating-position-top&quot;:&quot;0px&quot;,&quot;ycd-countdown-floating-position-right&quot;:&quot;0px&quot;,&quot;ycd-countdown-floating-position-bottom&quot;:&quot;0px&quot;,&quot;ycd-countdown-floating-position-left&quot;:&quot;0px&quot;,&quot;ycd-countdown-floating-text&quot;:&quot;Click&quot;,&quot;ycd-countdown-floating-close-text&quot;:&quot;Sluiten&quot;,&quot;ycd-countdown-enable-float-sound-url&quot;:&quot;https:\\\/\\\/braderiemaaskantje.nl\\\/wp3\\\/wp-content\\\/plugins\\\/countdown-builder\\\/lib\\\/click.mp3&quot;,&quot;ycd-countdown-floating-padding-top&quot;:&quot;0px&quot;,&quot;ycd-countdown-floating-padding-right&quot;:&quot;0px&quot;,&quot;ycd-countdown-floating-padding-bottom&quot;:&quot;0px&quot;,&quot;ycd-countdown-floating-padding-left&quot;:&quot;0px&quot;,&quot;ycd-countdown-floating-text-padding-top&quot;:&quot;0px&quot;,&quot;ycd-countdown-floating-text-padding-right&quot;:&quot;0px&quot;,&quot;ycd-countdown-floating-text-padding-bottom&quot;:&quot;0px&quot;,&quot;ycd-countdown-floating-text-padding-left&quot;:&quot;0px&quot;,&quot;ycd-countdown-floating-text-size&quot;:&quot;20px&quot;,&quot;ycd-countdown-floating-font-weight&quot;:&quot;normal&quot;,&quot;ycd-countdown-floating-text-color&quot;:&quot;&quot;,&quot;ycd-countdown-floating-text-bg-color&quot;:&quot;&quot;,&quot;ycd-countdown-floating-text-content-bg-color&quot;:&quot;&quot;,&quot;ycd-fixed-position&quot;:&quot;top_left&quot;,&quot;ycd-fixed-positions-top&quot;:&quot;0px&quot;,&quot;ycd-fixed-positions-right&quot;:&quot;0px&quot;,&quot;ycd-fixed-positions-bottom&quot;:&quot;0px&quot;,&quot;ycd-fixed-positions-left&quot;:&quot;0px&quot;,&quot;ycd-countdown-display-on&quot;:&quot;on&quot;,&quot;ycd-position-countdown&quot;:&quot;top_center&quot;,&quot;ycd-display-settings&quot;:[{&quot;key1&quot;:&quot;select_settings&quot;,&quot;key3&quot;:[]}],&quot;ycd-countdown-date-type&quot;:&quot;dueDate&quot;,&quot;ycd-date-time-picker&quot;:&quot;2026-06-14 10:00&quot;,&quot;ycd-circle-time-zone&quot;:&quot;Europe\\\/Amsterdam&quot;,&quot;ycd-woo-time-zone&quot;:&quot;&quot;,&quot;ycd-woo-coupon-date&quot;:&quot;Warning: Undefined array key&quot;,&quot;ycd-countdown-restart-hour&quot;:&quot;1&quot;,&quot;ycd-countdown-duration-days&quot;:&quot;0&quot;,&quot;ycd-countdown-duration-hours&quot;:&quot;0&quot;,&quot;ycd-countdown-duration-minutes&quot;:&quot;0&quot;,&quot;ycd-countdown-duration-seconds&quot;:&quot;30&quot;,&quot;ycd-schedule-time-zone&quot;:&quot;&quot;,&quot;ycd-schedule-start-from&quot;:&quot;&quot;,&quot;ycd-schedule-end-to&quot;:&quot;&quot;,&quot;ycd-schedule2-time-zone&quot;:&quot;&quot;,&quot;ycd-schedule2-from&quot;:&quot;&quot;,&quot;ycd-schedule2-to&quot;:&quot;&quot;,&quot;ycd-countdown-evergreen-days&quot;:&quot;0&quot;,&quot;ycd-countdown-evergreen-hours&quot;:&quot;0&quot;,&quot;ycd-countdown-evergreen-minutes&quot;:&quot;0&quot;,&quot;ycd-countdown-evergreen-seconds&quot;:&quot;30&quot;,&quot;ycd-schedule3-time-zone&quot;:&quot;&quot;,&quot;ycd-schedule3-time&quot;:&quot;&quot;,&quot;ycd-countdown-enable-woo-condition&quot;:&quot;on&quot;,&quot;ycd-woo-condition&quot;:&quot;disabled&quot;,&quot;ycd-countdown-start-date&quot;:&quot;2025-01-16 13:12&quot;,&quot;ycd-countdown-start-time-zone&quot;:&quot;America\\\/New_York&quot;,&quot;ycd-countdown-end-sound-url&quot;:&quot;https:\\\/\\\/braderiemaaskantje.nl\\\/wp3\\\/wp3\\\/wp-content\\\/plugins\\\/countdown-builder\\\/lib\\\/alarm.mp3&quot;,&quot;ycd-custom-css&quot;:&quot;&quot;,&quot;ycd-custom-js&quot;:&quot;&quot;,&quot;ycd-subscribe-width&quot;:&quot;100%&quot;,&quot;ycd-form-above-text&quot;:&quot;Join Our Newsletter&quot;,&quot;ycd-form-input-text&quot;:&quot;Enter your email here&quot;,&quot;ycd-form-submit-text&quot;:&quot;Subscribe&quot;,&quot;ycd-form-submit-color&quot;:&quot;#3274d1&quot;,&quot;ycd-subscribe-success-message&quot;:&quot;Thanks for subscribing.&quot;,&quot;ycd-subscribe-error-message&quot;:&quot;Invalid email address.&quot;,&quot;ycd-countdown-expire-behavior&quot;:&quot;hideCountdown&quot;,&quot;ycd-expire-text&quot;:&quot;&quot;,&quot;ycd-expire-url&quot;:&quot;&quot;,&quot;ycd-button-name&quot;:&quot;Buy Now&quot;,&quot;ycd-button-width&quot;:&quot;200px&quot;,&quot;ycd-button-height&quot;:&quot;50px&quot;,&quot;ycd-button-border-width&quot;:&quot;0px&quot;,&quot;ycd-button-border-types&quot;:&quot;0&quot;,&quot;ycd-button-border-radius&quot;:&quot;5&quot;,&quot;ycd-button-margin-top&quot;:&quot;0px&quot;,&quot;ycd-button-margin-right&quot;:&quot;0px&quot;,&quot;ycd-button-margin-bottom&quot;:&quot;0px&quot;,&quot;ycd-button-margin-left&quot;:&quot;0px&quot;,&quot;ycd-button-opacity&quot;:&quot;1&quot;,&quot;ycd-button-font-size&quot;:&quot;14px&quot;,&quot;ycd-button-bg-color&quot;:&quot;#4dba7a&quot;,&quot;ycd-button-color&quot;:&quot;#ffffff&quot;,&quot;ycd-button-border-color&quot;:&quot;&quot;,&quot;ycd-button-hover-animation-speed&quot;:&quot;&quot;,&quot;ycd-button-hover-bg-color&quot;:&quot;#4dba7a&quot;,&quot;ycd-button-hover-color&quot;:&quot;#ffffff&quot;,&quot;ycd-countdown-button-behavior&quot;:&quot;redirect&quot;,&quot;ycd-button-action-url&quot;:&quot;https:\\\/\\\/braderiemaaskantje.nl\\\/wp3\\\/wp3&quot;,&quot;ycd-scroll-to-selector&quot;:&quot;&quot;,&quot;ycd-animation-speed&quot;:&quot;&quot;,&quot;ycd-download-url&quot;:&quot;&quot;,&quot;ycd-download-name&quot;:&quot;&quot;,&quot;ycd-button-copy-text&quot;:&quot;&quot;,&quot;ycd-button-alert-text&quot;:&quot;&quot;,&quot;ycd-date-progress-start-date&quot;:&quot;2025-01-16 13:12&quot;,&quot;ycd-progress-width&quot;:&quot;&quot;,&quot;ycd-progress-height&quot;:&quot;&quot;,&quot;ycd-progress-main-color&quot;:&quot;&quot;,&quot;ycd-progress-color&quot;:&quot;&quot;,&quot;ycd-progress-text-color&quot;:&quot;&quot;,&quot;ycd-text-font-size&quot;:&quot;9&quot;,&quot;ycd-text-margin-top&quot;:&quot;0&quot;,&quot;ycd-countdown-font-weight&quot;:&quot;normal&quot;,&quot;ycd-countdown-font-style&quot;:&quot;initial&quot;,&quot;ycd-text-font-family&quot;:&quot;Century Gothic&quot;,&quot;ycd-text-font-family-custom&quot;:&quot;&quot;,&quot;ycd-countdown-number-size&quot;:&quot;35&quot;,&quot;ycd-number-margin-top&quot;:&quot;0&quot;,&quot;ycd-countdown-number-font-weight&quot;:&quot;bold&quot;,&quot;ycd-countdown-number-font-style&quot;:&quot;normal&quot;,&quot;ycd-countdown-number-font&quot;:&quot;inherit&quot;,&quot;ycd-number-font-family-custom&quot;:&quot;&quot;,&quot;ycd-countdown-years-text&quot;:&quot;Years&quot;,&quot;ycd-countdown-years-color&quot;:&quot;#a52a2a&quot;,&quot;ycd-countdown-years-text-color&quot;:&quot;#000000&quot;,&quot;ycd-countdown-years-numbers-color&quot;:&quot;#000000&quot;,&quot;ycd-countdown-months-text&quot;:&quot;Months&quot;,&quot;ycd-countdown-months-color&quot;:&quot;#8a2be2&quot;,&quot;ycd-countdown-months-text-color&quot;:&quot;#000000&quot;,&quot;ycd-countdown-months-numbers-color&quot;:&quot;&quot;,&quot;ycd-countdown-days&quot;:&quot;on&quot;,&quot;ycd-countdown-days-text&quot;:&quot;DAYS&quot;,&quot;ycd-countdown-days-color&quot;:&quot;#ffcc66&quot;,&quot;ycd-countdown-days-text-color&quot;:&quot;#000000&quot;,&quot;ycd-countdown-days-numbers-color&quot;:&quot;#000000&quot;,&quot;ycd-countdown-hours&quot;:&quot;on&quot;,&quot;ycd-countdown-hours-text&quot;:&quot;HOURS&quot;,&quot;ycd-countdown-hours-color&quot;:&quot;#99ccff&quot;,&quot;ycd-countdown-hours-text-color&quot;:&quot;#000000&quot;,&quot;ycd-countdown-hours-numbers-color&quot;:&quot;#000000&quot;,&quot;ycd-countdown-minutes&quot;:&quot;on&quot;,&quot;ycd-countdown-minutes-text&quot;:&quot;MINUTES&quot;,&quot;ycd-countdown-minutes-color&quot;:&quot;#bbffbb&quot;,&quot;ycd-countdown-minutes-text-color&quot;:&quot;#000000&quot;,&quot;ycd-countdown-minutes-numbers-color&quot;:&quot;#000000&quot;,&quot;ycd-countdown-seconds&quot;:&quot;on&quot;,&quot;ycd-countdown-seconds-text&quot;:&quot;SECONDS&quot;,&quot;ycd-countdown-seconds-color&quot;:&quot;#ff9999&quot;,&quot;ycd-countdown-seconds-text-color&quot;:&quot;#000000&quot;,&quot;ycd-countdown-last-seconds-duration&quot;:&quot;10&quot;,&quot;ycd-countdown-last-seconds-color&quot;:&quot;rgba(250, 0, 0, 1)&quot;,&quot;ycd-countdown-seconds-numbers-color&quot;:&quot;#000000&quot;,&quot;ycd-circle-alignment&quot;:&quot;center&quot;,&quot;ycd-circle-animation&quot;:&quot;smooth&quot;,&quot;ycd-countdown-width&quot;:&quot;500&quot;,&quot;ycd-dimension-measure&quot;:&quot;px&quot;,&quot;ycd-countdown-background-circle&quot;:&quot;on&quot;,&quot;ycd-circle-bg-width&quot;:&quot;1.2&quot;,&quot;ycd-countdown-bg-circle-color&quot;:&quot;#60686f&quot;,&quot;ycd-countdown-direction&quot;:&quot;Clockwise&quot;,&quot;ycd-circle-width&quot;:&quot;0.1&quot;,&quot;ycd-circle-start-angle&quot;:&quot;0&quot;,&quot;ycd-bg-image-size&quot;:&quot;cover&quot;,&quot;ycd-bg-image-repeat&quot;:&quot;no-repeat&quot;,&quot;ycd-bg-image-url&quot;:&quot;&quot;,&quot;ycd-bg-video-url&quot;:&quot;&quot;,&quot;ycd-countdown-content-click-url&quot;:&quot;&quot;,&quot;ycd-countdown-expiration-time&quot;:&quot;1&quot;,&quot;ycd-circle-showing-animation&quot;:&quot;No effect&quot;,&quot;ycd-circle-showing-animation-speed&quot;:&quot;1&quot;,&quot;ycd-circle-box-shadow-horizontal-length&quot;:&quot;10&quot;,&quot;ycd-circle-box-shadow-vertical-length&quot;:&quot;10&quot;,&quot;ycd-circle-box-blur-radius&quot;:&quot;5&quot;,&quot;ycd-circle-box-spread-radius&quot;:&quot;1&quot;,&quot;ycd-circle-box-shadow-color&quot;:&quot;#ffffff&quot;,&quot;ycd-countdown-padding&quot;:&quot;0&quot;,&quot;ycd-circle-countdown-before-countdown&quot;:&quot;&quot;,&quot;ycd-circle-countdown-after-countdown&quot;:&quot;&quot;,&quot;ycd-circle-countdown-expiration-before-countdown&quot;:&quot;&quot;,&quot;ycd-circle-countdown-expiration-after-countdown&quot;:&quot;&quot;,&quot;ycd-tr&quot;:{&quot;{translationId}&quot;:{&quot;language&quot;:&quot;af&quot;,&quot;Years&quot;:&quot;&quot;,&quot;Months&quot;:&quot;&quot;,&quot;Days&quot;:&quot;&quot;,&quot;Hours&quot;:&quot;&quot;,&quot;Minutes&quot;:&quot;&quot;,&quot;Seconds&quot;:&quot;&quot;}},&quot;ycd-type&quot;:&quot;circle&quot;,&quot;ycd-post-id&quot;:&quot;5951&quot;,&quot;id&quot;:5951}'\n\t\t\t\tdata-timer=\"0\"\n\t\t\t\tstyle=\"background-image: url(); background-repeat: no-repeat; background-size: cover; ; width: 500px; height: 100%; padding: 0; box-sizing: border-box; background-color: inherit\">\n\t\t\t<\/div>\n\t\t<\/div>\n\t\t<div class=\"ycd-circle-expiration-after-countdown\" style=\"display:none\"><\/div><div class=\"ycd-circle-after-countdown\"><\/div><\/div>\t    <style type=\"text\/css\">\n            #ycd-circle-5951 {\n                padding: 0px;\n                box-sizing: border-box;\n                display: inline-block;\n            }\n            #ycd-circle-5951 h4 {\n                font-size: 9px !important;\n                margin-top: 0px !important;\n                font-weight: normal !important;\n                font-style: initial !important;\n                font-family: Century Gothic !important;\n            }\n            #ycd-circle-5951 span {\n                font-size: 35px !important;\n                margin-top: 0px !important;\n                font-weight: bold !important;\n                font-style: normal !important;\n                font-family: inherit !important;\n            }\n            #ycd-circle-5951 .textDiv_Years h4 {\n                color: #000000            }\n            #ycd-circle-5951 .textDiv_Years span {\n                color: #000000            }\n            #ycd-circle-5951 .textDiv_Months h4 {\n                color: #000000            }\n            #ycd-circle-5951 .textDiv_Months span {\n                color:             }\n            #ycd-circle-5951 .textDiv_Days h4 {\n                color: #000000            }\n            #ycd-circle-5951 .textDiv_Days span {\n                color: #000000            }\n            #ycd-circle-5951 .textDiv_Hours h4 {\n                color: #000000            }\n            #ycd-circle-5951 .textDiv_Hours span {\n                color: #000000            }\n            #ycd-circle-5951 .textDiv_Minutes h4 { \n                color: #000000            }\n            #ycd-circle-5951 .textDiv_Minutes span {\n                color: #000000            }\n            #ycd-circle-5951 .textDiv_Seconds h4 {\n                color: #000000            }\n            #ycd-circle-5951 .textDiv_Seconds span {\n                color: #000000            }\n            .ycd-circle-5951-wrapper {\n                text-align: center;\n            }\n                    <\/style>\n        <\/div>[\/vc_column_text][vc_custom_heading text=&#8221;Tot de kerstmarkt in het Maaskantje!&#8221; font_container=&#8221;tag:h2|text_align:center&#8221; google_fonts=&#8221;font_family:Actor%3Aregular|font_style:400%20regular%3A400%3Anormal&#8221;][vc_empty_space height=&#8221;16px&#8221;][\/vc_column][\/vc_row][vc_row css_animation=&#8221;fadeIn&#8221;][vc_column css_animation=&#8221;fadeInLeftBig&#8221; width=&#8221;1\/2&#8243; css=&#8221;.vc_custom_1768854293973{background-color: rgba(253,251,247,0.81) !important;*background-color: rgb(253,251,247) !important;border-radius: 35px !important;}&#8221; el_class=&#8221;has-card&#8221;][vc_column_text]Op zaterdag 13 december om 15.30u gaat de kerstmarkt 2025 op het Maaskantje van start. We verwachten zo\u2019n 40 kraamhouders met allerlei kerstartikelen; kerststukjes, warme sokken, sierraden, kerstkleding, kerstdecoratie en woonaccessoires om je huis mooi aan te kleden. Ook zal het niet ontbreken aan eten en drinken.<br \/>\nIn het inmiddels bekende kerstcaf\u00e9 kun je genieten van kerstmuziek, Gl\u00fchwein, warme chocomel en een worstenbroodje. Op de kerstmarkt en in het kerstcaf\u00e9 kunnen mensen elkaar ontmoeten in een gezellige kerstsfeer. Iedereen is welkom en voor iedereen is er wat te doen, van jong tot oud. Kinderen kunnen zelf op kooltjes popcorn poffen en er is een elf-sterren tocht. Een kerstmarkt vol traditie maar met een hedendaags tintje.<br \/>\nDe kerstmarkt is open tot 20.30u.<\/p>\n<p>Wanneer je je als kraamhouder of met een foodtruck wilt inschrijven bij deze kerstmarkt, <a href=\"https:\/\/braderiemaaskantje.nl\/wp3\/kerstmarkt-2025\/\">klik dan hier.<\/a>[\/vc_column_text][\/vc_column][vc_column width=&#8221;1\/2&#8243; el_class=&#8221;has-card&#8221;][vc_empty_space height=&#8221;64px&#8221;][vc_btn title=&#8221;Ik wil me inschrijven voor de kerstmarkt!&#8221; shape=&#8221;round&#8221; color=&#8221;orange&#8221; size=&#8221;lg&#8221; i_icon_fontawesome=&#8221;far fa-arrow-alt-circle-right&#8221; css_animation=&#8221;fadeInDown&#8221; add_icon=&#8221;true&#8221; link=&#8221;url:https%3A%2F%2Fbraderiemaaskantje.nl%2Fwp3%2Fkerstmarkt-2025%2F|title:Inschrijven%20kerstmarkt%202025&#8243;][vc_masonry_media_grid grid_id=&#8221;vc_gid:1768859760325-b2be247d-a855-0&#8243; include=&#8221;5740,5741,5742,5743&#8243;][\/vc_column][\/vc_row][vc_row][vc_column][vc_empty_space height=&#8221;16px&#8221;][\/vc_column][\/vc_row][vc_row css_animation=&#8221;fadeInUpBig&#8221; css=&#8221;.vc_custom_1768854914829{border-radius: 35px !important;}&#8221;][vc_column el_class=&#8221;has-card&#8221;][vc_custom_heading text=&#8221;D\u00e9 ontmoetingsplek voor Dungenaren, Maaskanters en alle mensen die de gezelligheid van een kerstmarkt zoeken.&#8221; font_container=&#8221;tag:h2|text_align:center&#8221; google_fonts=&#8221;font_family:Actor%3Aregular|font_style:400%20regular%3A400%3Anormal&#8221; css_animation=&#8221;fadeInUp&#8221;][vc_empty_space height=&#8221;16px&#8221;][\/vc_column][\/vc_row]<\/p>\n<\/div>","protected":false},"excerpt":{"rendered":"<p>[vc_row css=&#8221;.vc_custom_1768854871831{border-radius: 35px !important;}&#8221;][vc_column css_animation=&#8221;fadeInDownBig&#8221; el_class=&#8221;has-card&#8221;][vc_custom_heading text=&#8221;Nog&#8221; font_container=&#8221;tag:h2|text_align:center&#8221; google_fonts=&#8221;font_family:Actor%3Aregular|font_style:400%20regular%3A400%3Anormal&#8221;][vc_column_text][\/vc_column_text][vc_custom_heading text=&#8221;Tot de kerstmarkt in het Maaskantje!&#8221; font_container=&#8221;tag:h2|text_align:center&#8221; google_fonts=&#8221;font_family:Actor%3Aregular|font_style:400%20regular%3A400%3Anormal&#8221;][vc_empty_space height=&#8221;16px&#8221;][\/vc_column][\/vc_row][vc_row css_animation=&#8221;fadeIn&#8221;][vc_column css_animation=&#8221;fadeInLeftBig&#8221; width=&#8221;1\/2&#8243; css=&#8221;.vc_custom_1768854293973{background-color: rgba(253,251,247,0.81) !important;*background-color: rgb(253,251,247)&hellip;<\/p>\n","protected":false},"author":5,"featured_media":0,"parent":0,"menu_order":0,"comment_status":"closed","ping_status":"closed","template":"","meta":{"footnotes":""},"class_list":["post-5611","page","type-page","status-publish","hentry"],"_links":{"self":[{"href":"https:\/\/braderiemaaskantje.nl\/wp3\/wp-json\/wp\/v2\/pages\/5611","targetHints":{"allow":["GET"]}}],"collection":[{"href":"https:\/\/braderiemaaskantje.nl\/wp3\/wp-json\/wp\/v2\/pages"}],"about":[{"href":"https:\/\/braderiemaaskantje.nl\/wp3\/wp-json\/wp\/v2\/types\/page"}],"author":[{"embeddable":true,"href":"https:\/\/braderiemaaskantje.nl\/wp3\/wp-json\/wp\/v2\/users\/5"}],"replies":[{"embeddable":true,"href":"https:\/\/braderiemaaskantje.nl\/wp3\/wp-json\/wp\/v2\/comments?post=5611"}],"version-history":[{"count":63,"href":"https:\/\/braderiemaaskantje.nl\/wp3\/wp-json\/wp\/v2\/pages\/5611\/revisions"}],"predecessor-version":[{"id":5952,"href":"https:\/\/braderiemaaskantje.nl\/wp3\/wp-json\/wp\/v2\/pages\/5611\/revisions\/5952"}],"wp:attachment":[{"href":"https:\/\/braderiemaaskantje.nl\/wp3\/wp-json\/wp\/v2\/media?parent=5611"}],"curies":[{"name":"wp","href":"https:\/\/api.w.org\/{rel}","templated":true}]}}